{"id":952,"date":"2023-07-27T05:07:06","date_gmt":"2023-07-27T03:07:06","guid":{"rendered":"https:\/\/rovinjrentaboat.com\/?p=952"},"modified":"2025-06-28T14:12:42","modified_gmt":"2025-06-28T12:12:42","slug":"rent-a-boat-whally-i-2023","status":"publish","type":"page","link":"https:\/\/rovinjrentaboat.com\/it\/rent-a-boat-whally-i-2023\/","title":{"rendered":"Rent a Boat Whally I 2023"},"content":{"rendered":"<div data-elementor-type=\"wp-post\" data-elementor-id=\"952\" class=\"elementor elementor-952\" data-elementor-settings=\"{&quot;ha_cmc_init_switcher&quot;:&quot;no&quot;}\" data-elementor-post-type=\"page\">\n\t\t\t\t<div class=\"elementor-element elementor-element-c160bd1 animated-slow e-flex e-con-boxed elementor-invisible e-con e-parent\" data-id=\"c160bd1\" data-element_type=\"container\" data-e-type=\"container\" data-settings=\"{&quot;animation&quot;:&quot;fadeIn&quot;,&quot;_ha_eqh_enable&quot;:false}\">\n\t\t\t\t\t<div class=\"e-con-inner\">\n\t\t<div class=\"elementor-element elementor-element-75bb020 e-con-full e-flex e-con e-child\" data-id=\"75bb020\" data-element_type=\"container\" data-e-type=\"container\" data-settings=\"{&quot;_ha_eqh_enable&quot;:false}\">\n\t\t\t\t<div class=\"elementor-element elementor-element-cd2f84f elementor-widget elementor-widget-theme-post-featured-image elementor-widget-image\" data-id=\"cd2f84f\" data-element_type=\"widget\" data-e-type=\"widget\" data-widget_type=\"theme-post-featured-image.default\">\n\t\t\t\t<div class=\"elementor-widget-container\">\n\t\t\t\t\t\t\t\t\t\t\t\t\t\t\t<img fetchpriority=\"high\" decoding=\"async\" width=\"1005\" height=\"628\" src=\"https:\/\/rovinjrentaboat.com\/wp-content\/uploads\/2023\/07\/boat-1.jpg\" class=\"attachment-full size-full wp-image-331\" alt=\"brodica Whally za 8 osoba\" srcset=\"https:\/\/rovinjrentaboat.com\/wp-content\/uploads\/2023\/07\/boat-1.jpg 1005w, https:\/\/rovinjrentaboat.com\/wp-content\/uploads\/2023\/07\/boat-1-300x187.jpg 300w, https:\/\/rovinjrentaboat.com\/wp-content\/uploads\/2023\/07\/boat-1-768x480.jpg 768w\" sizes=\"(max-width: 1005px) 100vw, 1005px\" \/>\t\t\t\t\t\t\t\t\t\t\t\t\t\t\t<\/div>\n\t\t\t\t<\/div>\n\t\t\t\t<div class=\"elementor-element elementor-element-d7ee592 elementor-widget elementor-widget-text-editor\" data-id=\"d7ee592\" data-element_type=\"widget\" data-e-type=\"widget\" data-widget_type=\"text-editor.default\">\n\t\t\t\t<div class=\"elementor-widget-container\">\n\t\t\t\t\t\t\t\t\t<p>Rent a boat WHALLY I 2023 savr\u0161eno plovilo za va\u0161u obitelj i prijatelje. Mo\u017ee primiti 8 osoba.<br \/>\nAko unajmite dva od njih, grupa od 16 prijatelja mo\u017ee putovati po Rovinju. Pokre\u0107e ga novi, Suzuki 6HP koji \u0107e vas sigurno odvesti na bilo koje odredi\u0161te koje po\u017eelite.<\/p>\n<p>Opremljena je bimini gornjim dijelom.<\/p>\n<h3>Veduta di Rovigno dal mare<\/h3>\n<p>Vivi una splendida vista di Rovigno dal mare. Trova i delfini, visita le sue isole, scopri calette e spiagge nascoste. Scopri la bellezza del Canale di Leme, il suo silenzio e sorseggia un drink o pranza nella grotta dei pirati del Capitano Morgan, che pu\u00f2 essere visitata solo in barca.<br \/>\nTrova l'amore sulle spiagge e sulle isole di Orsera, le cui strade un tempo percorreva Casanova.<\/p>\n<p>Pogledaj najam plovila <a href=\"https:\/\/rovinjrentaboat.com\/whally-2\/\">WHALLY II 2023<\/a><\/p>\n\t\t\t\t\t\t\t\t<\/div>\n\t\t\t\t<\/div>\n\t\t\t\t<div class=\"elementor-element elementor-element-568c0cf elementor-widget elementor-widget-image\" data-id=\"568c0cf\" data-element_type=\"widget\" data-e-type=\"widget\" data-widget_type=\"image.default\">\n\t\t\t\t<div class=\"elementor-widget-container\">\n\t\t\t\t\t\t\t\t\t\t\t\t\t\t\t<img decoding=\"async\" width=\"800\" height=\"600\" src=\"https:\/\/rovinjrentaboat.com\/wp-content\/uploads\/2023\/07\/prodajno-mjesto.jpg\" class=\"attachment-full size-full wp-image-1322\" alt=\"rent a boat SYROS 2021\" srcset=\"https:\/\/rovinjrentaboat.com\/wp-content\/uploads\/2023\/07\/prodajno-mjesto.jpg 800w, https:\/\/rovinjrentaboat.com\/wp-content\/uploads\/2023\/07\/prodajno-mjesto-300x225.jpg 300w, https:\/\/rovinjrentaboat.com\/wp-content\/uploads\/2023\/07\/prodajno-mjesto-768x576.jpg 768w, https:\/\/rovinjrentaboat.com\/wp-content\/uploads\/2023\/07\/prodajno-mjesto-16x12.jpg 16w\" sizes=\"(max-width: 800px) 100vw, 800px\" \/>\t\t\t\t\t\t\t\t\t\t\t\t\t\t\t<\/div>\n\t\t\t\t<\/div>\n\t\t\t\t<div class=\"elementor-element elementor-element-c9c8b29 elementor-widget elementor-widget-image\" data-id=\"c9c8b29\" data-element_type=\"widget\" data-e-type=\"widget\" data-widget_type=\"image.default\">\n\t\t\t\t<div class=\"elementor-widget-container\">\n\t\t\t\t\t\t\t\t\t\t\t\t\t\t\t<img decoding=\"async\" width=\"800\" height=\"600\" src=\"https:\/\/rovinjrentaboat.com\/wp-content\/uploads\/2023\/07\/turisti.jpg\" class=\"attachment-full size-full wp-image-1324\" alt=\"rent a boat rovinj\" srcset=\"https:\/\/rovinjrentaboat.com\/wp-content\/uploads\/2023\/07\/turisti.jpg 800w, https:\/\/rovinjrentaboat.com\/wp-content\/uploads\/2023\/07\/turisti-300x225.jpg 300w, https:\/\/rovinjrentaboat.com\/wp-content\/uploads\/2023\/07\/turisti-768x576.jpg 768w, https:\/\/rovinjrentaboat.com\/wp-content\/uploads\/2023\/07\/turisti-16x12.jpg 16w\" sizes=\"(max-width: 800px) 100vw, 800px\" \/>\t\t\t\t\t\t\t\t\t\t\t\t\t\t\t<\/div>\n\t\t\t\t<\/div>\n\t\t\t\t<div class=\"elementor-element elementor-element-7b7d69c elementor-widget elementor-widget-image\" data-id=\"7b7d69c\" data-element_type=\"widget\" data-e-type=\"widget\" data-widget_type=\"image.default\">\n\t\t\t\t<div class=\"elementor-widget-container\">\n\t\t\t\t\t\t\t\t\t\t\t\t\t\t\t<img loading=\"lazy\" decoding=\"async\" width=\"800\" height=\"600\" src=\"https:\/\/rovinjrentaboat.com\/wp-content\/uploads\/2023\/07\/rovinj.jpg\" class=\"attachment-full size-full wp-image-1326\" alt=\"rent a boat DELPHIN-TOUREN\" srcset=\"https:\/\/rovinjrentaboat.com\/wp-content\/uploads\/2023\/07\/rovinj.jpg 800w, https:\/\/rovinjrentaboat.com\/wp-content\/uploads\/2023\/07\/rovinj-300x225.jpg 300w, https:\/\/rovinjrentaboat.com\/wp-content\/uploads\/2023\/07\/rovinj-768x576.jpg 768w, https:\/\/rovinjrentaboat.com\/wp-content\/uploads\/2023\/07\/rovinj-16x12.jpg 16w\" sizes=\"(max-width: 800px) 100vw, 800px\" \/>\t\t\t\t\t\t\t\t\t\t\t\t\t\t\t<\/div>\n\t\t\t\t<\/div>\n\t\t\t\t<div class=\"elementor-element elementor-element-6d73d7b elementor-widget elementor-widget-image\" data-id=\"6d73d7b\" data-element_type=\"widget\" data-e-type=\"widget\" data-widget_type=\"image.default\">\n\t\t\t\t<div class=\"elementor-widget-container\">\n\t\t\t\t\t\t\t\t\t\t\t\t\t\t\t<img loading=\"lazy\" decoding=\"async\" width=\"800\" height=\"600\" src=\"https:\/\/rovinjrentaboat.com\/wp-content\/uploads\/2023\/07\/dupin.jpg\" class=\"attachment-full size-full wp-image-1328\" alt=\"RENT A BOAT SYROS 2021\" srcset=\"https:\/\/rovinjrentaboat.com\/wp-content\/uploads\/2023\/07\/dupin.jpg 800w, https:\/\/rovinjrentaboat.com\/wp-content\/uploads\/2023\/07\/dupin-300x225.jpg 300w, https:\/\/rovinjrentaboat.com\/wp-content\/uploads\/2023\/07\/dupin-768x576.jpg 768w, https:\/\/rovinjrentaboat.com\/wp-content\/uploads\/2023\/07\/dupin-16x12.jpg 16w\" sizes=\"(max-width: 800px) 100vw, 800px\" \/>\t\t\t\t\t\t\t\t\t\t\t\t\t\t\t<\/div>\n\t\t\t\t<\/div>\n\t\t\t\t<\/div>\n\t\t<div class=\"elementor-element elementor-element-6ffa58f e-con-full e-flex e-con e-child\" data-id=\"6ffa58f\" data-element_type=\"container\" data-e-type=\"container\" data-settings=\"{&quot;background_background&quot;:&quot;classic&quot;,&quot;_ha_eqh_enable&quot;:false}\">\n\t\t<div class=\"elementor-element elementor-element-f2d6f9e e-flex e-con-boxed e-con e-child\" data-id=\"f2d6f9e\" data-element_type=\"container\" data-e-type=\"container\" data-settings=\"{&quot;background_background&quot;:&quot;classic&quot;,&quot;_ha_eqh_enable&quot;:false}\">\n\t\t\t\t\t<div class=\"e-con-inner\">\n\t\t\t\t<div class=\"elementor-element elementor-element-0a80664 elementor-widget-divider--view-line elementor-widget elementor-widget-divider\" data-id=\"0a80664\" data-element_type=\"widget\" data-e-type=\"widget\" data-widget_type=\"divider.default\">\n\t\t\t\t<div class=\"elementor-widget-container\">\n\t\t\t\t\t\t\t<div class=\"elementor-divider\">\n\t\t\t<span class=\"elementor-divider-separator\">\n\t\t\t\t\t\t<\/span>\n\t\t<\/div>\n\t\t\t\t\t\t<\/div>\n\t\t\t\t<\/div>\n\t\t\t\t<div class=\"elementor-element elementor-element-3efc17d elementor-widget elementor-widget-heading\" data-id=\"3efc17d\" data-element_type=\"widget\" data-e-type=\"widget\" data-widget_type=\"heading.default\">\n\t\t\t\t<div class=\"elementor-widget-container\">\n\t\t\t\t\t<h1 class=\"elementor-heading-title elementor-size-default\">Rent a Boat Whally I 2023<\/h1>\t\t\t\t<\/div>\n\t\t\t\t<\/div>\n\t\t\t\t<div class=\"elementor-element elementor-element-b597510 elementor-widget elementor-widget-heading\" data-id=\"b597510\" data-element_type=\"widget\" data-e-type=\"widget\" data-widget_type=\"heading.default\">\n\t\t\t\t<div class=\"elementor-widget-container\">\n\t\t\t\t\t<p class=\"elementor-heading-title elementor-size-default\">Motor: Suzuki 6hp 2023<\/p>\t\t\t\t<\/div>\n\t\t\t\t<\/div>\n\t\t\t\t<div class=\"elementor-element elementor-element-3ea41f6 elementor-widget elementor-widget-heading\" data-id=\"3ea41f6\" data-element_type=\"widget\" data-e-type=\"widget\" data-widget_type=\"heading.default\">\n\t\t\t\t<div class=\"elementor-widget-container\">\n\t\t\t\t\t<p class=\"elementor-heading-title elementor-size-default\">Persona: 8 persone<\/p>\t\t\t\t<\/div>\n\t\t\t\t<\/div>\n\t\t\t\t<div class=\"elementor-element elementor-element-0fbe910 elementor-widget elementor-widget-heading\" data-id=\"0fbe910\" data-element_type=\"widget\" data-e-type=\"widget\" data-widget_type=\"heading.default\">\n\t\t\t\t<div class=\"elementor-widget-container\">\n\t\t\t\t\t<p class=\"elementor-heading-title elementor-size-default\">Ombra<\/p>\t\t\t\t<\/div>\n\t\t\t\t<\/div>\n\t\t\t\t<div class=\"elementor-element elementor-element-9b86069 elementor-widget-divider--view-line elementor-widget elementor-widget-divider\" data-id=\"9b86069\" data-element_type=\"widget\" data-e-type=\"widget\" data-widget_type=\"divider.default\">\n\t\t\t\t<div class=\"elementor-widget-container\">\n\t\t\t\t\t\t\t<div class=\"elementor-divider\">\n\t\t\t<span class=\"elementor-divider-separator\">\n\t\t\t\t\t\t<\/span>\n\t\t<\/div>\n\t\t\t\t\t\t<\/div>\n\t\t\t\t<\/div>\n\t\t\t\t<div class=\"elementor-element elementor-element-86de0e3 elementor-widget elementor-widget-heading\" data-id=\"86de0e3\" data-element_type=\"widget\" data-e-type=\"widget\" data-widget_type=\"heading.default\">\n\t\t\t\t<div class=\"elementor-widget-container\">\n\t\t\t\t\t<p class=\"elementor-heading-title elementor-size-default\">- Carburante incluso nel prezzo di affitto.<\/p>\t\t\t\t<\/div>\n\t\t\t\t<\/div>\n\t\t\t\t<div class=\"elementor-element elementor-element-42a2f90 elementor-widget-divider--view-line elementor-widget elementor-widget-divider\" data-id=\"42a2f90\" data-element_type=\"widget\" data-e-type=\"widget\" data-widget_type=\"divider.default\">\n\t\t\t\t<div class=\"elementor-widget-container\">\n\t\t\t\t\t\t\t<div class=\"elementor-divider\">\n\t\t\t<span class=\"elementor-divider-separator\">\n\t\t\t\t\t\t<\/span>\n\t\t<\/div>\n\t\t\t\t\t\t<\/div>\n\t\t\t\t<\/div>\n\t\t\t\t<div class=\"elementor-element elementor-element-07d66f8 elementor-widget elementor-widget-heading\" data-id=\"07d66f8\" data-element_type=\"widget\" data-e-type=\"widget\" data-widget_type=\"heading.default\">\n\t\t\t\t<div class=\"elementor-widget-container\">\n\t\t\t\t\t<p class=\"elementor-heading-title elementor-size-default\">AFFITTO:<\/p>\t\t\t\t<\/div>\n\t\t\t\t<\/div>\n\t\t\t\t<div class=\"elementor-element elementor-element-573e722 elementor-widget elementor-widget-heading\" data-id=\"573e722\" data-element_type=\"widget\" data-e-type=\"widget\" data-widget_type=\"heading.default\">\n\t\t\t\t<div class=\"elementor-widget-container\">\n\t\t\t\t\t<p class=\"elementor-heading-title elementor-size-default\">Mezza giornata | (09h-13h) - (14h-18h)<\/p>\t\t\t\t<\/div>\n\t\t\t\t<\/div>\n\t\t\t\t<div class=\"elementor-element elementor-element-915eb78 elementor-widget elementor-widget-heading\" data-id=\"915eb78\" data-element_type=\"widget\" data-e-type=\"widget\" data-widget_type=\"heading.default\">\n\t\t\t\t<div class=\"elementor-widget-container\">\n\t\t\t\t\t<p class=\"elementor-heading-title elementor-size-default\">Giornata intera | (09h-18h)<\/p>\t\t\t\t<\/div>\n\t\t\t\t<\/div>\n\t\t\t\t<div class=\"elementor-element elementor-element-b6ff18e elementor-widget-divider--view-line elementor-widget elementor-widget-divider\" data-id=\"b6ff18e\" data-element_type=\"widget\" data-e-type=\"widget\" data-widget_type=\"divider.default\">\n\t\t\t\t<div class=\"elementor-widget-container\">\n\t\t\t\t\t\t\t<div class=\"elementor-divider\">\n\t\t\t<span class=\"elementor-divider-separator\">\n\t\t\t\t\t\t<\/span>\n\t\t<\/div>\n\t\t\t\t\t\t<\/div>\n\t\t\t\t<\/div>\n\t\t\t\t<div class=\"elementor-element elementor-element-0988045 elementor-widget elementor-widget-heading\" data-id=\"0988045\" data-element_type=\"widget\" data-e-type=\"widget\" data-widget_type=\"heading.default\">\n\t\t\t\t<div class=\"elementor-widget-container\">\n\t\t\t\t\t<span class=\"elementor-heading-title elementor-size-default\">100 \u20ac \/ 150 \u20ac<\/span>\t\t\t\t<\/div>\n\t\t\t\t<\/div>\n\t\t\t\t\t<\/div>\n\t\t\t\t<\/div>\n\t\t<div class=\"elementor-element elementor-element-f21bf2d e-con-full e-flex e-con e-child\" data-id=\"f21bf2d\" data-element_type=\"container\" data-e-type=\"container\" data-settings=\"{&quot;_ha_eqh_enable&quot;:false}\">\n\t\t\t\t<div class=\"elementor-element elementor-element-daa3bff os_trigger_booking elementor-align-center dc-has-condition dc-condition-empty elementor-widget__width-inherit elementor-widget elementor-widget-button\" data-id=\"daa3bff\" data-element_type=\"widget\" data-e-type=\"widget\" data-selected-service=\"8\" data-selected-agent=\"any\" data-hide-side-panel=\"yes\" data-widget_type=\"button.default\">\n\t\t\t\t<div class=\"elementor-widget-container\">\n\t\t\t\t\t\t\t\t\t<div class=\"elementor-button-wrapper\">\n\t\t\t\t\t<a class=\"elementor-button elementor-size-md\" role=\"button\">\n\t\t\t\t\t\t<span class=\"elementor-button-content-wrapper\">\n\t\t\t\t\t\t\t\t\t<span class=\"elementor-button-text\">Prenotazione mezza o intera giornata<\/span>\n\t\t\t\t\t<\/span>\n\t\t\t\t\t<\/a>\n\t\t\t\t<\/div>\n\t\t\t\t\t\t\t\t<\/div>\n\t\t\t\t<\/div>\n\t\t\t\t<\/div>\n\t\t\t\t<\/div>\n\t\t\t\t\t<\/div>\n\t\t\t\t<\/div>\n\t\t\t\t<\/div>","protected":false},"excerpt":{"rendered":"<p>NAJAM: Uredi karakteristike i cijene Karakteristike Motor Osobe Pokrov Tu\u0161 GPS Wi-Fi Hladnjak Skiper Dozvola Gorivo Cijena Najam half Najam full Submit Booking half or full day<\/p>","protected":false},"author":1,"featured_media":331,"parent":0,"menu_order":0,"comment_status":"closed","ping_status":"closed","template":"","meta":{"_acf_changed":false,"footnotes":""},"class_list":["post-952","page","type-page","status-publish","has-post-thumbnail","hentry"],"acf":[],"_links":{"self":[{"href":"https:\/\/rovinjrentaboat.com\/it\/wp-json\/wp\/v2\/pages\/952","targetHints":{"allow":["GET"]}}],"collection":[{"href":"https:\/\/rovinjrentaboat.com\/it\/wp-json\/wp\/v2\/pages"}],"about":[{"href":"https:\/\/rovinjrentaboat.com\/it\/wp-json\/wp\/v2\/types\/page"}],"author":[{"embeddable":true,"href":"https:\/\/rovinjrentaboat.com\/it\/wp-json\/wp\/v2\/users\/1"}],"replies":[{"embeddable":true,"href":"https:\/\/rovinjrentaboat.com\/it\/wp-json\/wp\/v2\/comments?post=952"}],"version-history":[{"count":0,"href":"https:\/\/rovinjrentaboat.com\/it\/wp-json\/wp\/v2\/pages\/952\/revisions"}],"wp:featuredmedia":[{"embeddable":true,"href":"https:\/\/rovinjrentaboat.com\/it\/wp-json\/wp\/v2\/media\/331"}],"wp:attachment":[{"href":"https:\/\/rovinjrentaboat.com\/it\/wp-json\/wp\/v2\/media?parent=952"}],"curies":[{"name":"wp","href":"https:\/\/api.w.org\/{rel}","templated":true}]}}