{"id":946,"date":"2023-07-27T04:53:48","date_gmt":"2023-07-27T02:53:48","guid":{"rendered":"https:\/\/rovinjrentaboat.com\/?p=946"},"modified":"2024-09-05T14:20:22","modified_gmt":"2024-09-05T12:20:22","slug":"rent-a-boat-syros-2021","status":"publish","type":"page","link":"https:\/\/rovinjrentaboat.com\/en\/rent-a-boat-syros-2021\/","title":{"rendered":"Rent a Boat Syros 2021"},"content":{"rendered":"<div data-elementor-type=\"wp-post\" data-elementor-id=\"946\" class=\"elementor elementor-946\" data-elementor-settings=\"{&quot;ha_cmc_init_switcher&quot;:&quot;no&quot;}\" data-elementor-post-type=\"page\">\n\t\t\t\t<div class=\"elementor-element elementor-element-93d1dd0 animated-slow e-flex e-con-boxed elementor-invisible e-con e-parent\" data-id=\"93d1dd0\" data-element_type=\"container\" data-e-type=\"container\" data-settings=\"{&quot;animation&quot;:&quot;fadeIn&quot;,&quot;_ha_eqh_enable&quot;:false}\">\n\t\t\t\t\t<div class=\"e-con-inner\">\n\t\t<div class=\"elementor-element elementor-element-1201a80 e-con-full e-flex e-con e-child\" data-id=\"1201a80\" data-element_type=\"container\" data-e-type=\"container\" data-settings=\"{&quot;_ha_eqh_enable&quot;:false}\">\n\t\t\t\t<div class=\"elementor-element elementor-element-4764498 elementor-widget elementor-widget-theme-post-featured-image elementor-widget-image\" data-id=\"4764498\" data-element_type=\"widget\" data-e-type=\"widget\" data-widget_type=\"theme-post-featured-image.default\">\n\t\t\t\t<div class=\"elementor-widget-container\">\n\t\t\t\t\t\t\t\t\t\t\t\t\t\t\t<img fetchpriority=\"high\" decoding=\"async\" width=\"1005\" height=\"688\" src=\"https:\/\/rovinjrentaboat.com\/wp-content\/uploads\/2023\/07\/boat-3.jpg\" class=\"attachment-full size-full wp-image-330\" alt=\"Rent a Boat Syros 2021\" srcset=\"https:\/\/rovinjrentaboat.com\/wp-content\/uploads\/2023\/07\/boat-3.jpg 1005w, https:\/\/rovinjrentaboat.com\/wp-content\/uploads\/2023\/07\/boat-3-300x205.jpg 300w, https:\/\/rovinjrentaboat.com\/wp-content\/uploads\/2023\/07\/boat-3-768x526.jpg 768w\" sizes=\"(max-width: 1005px) 100vw, 1005px\" \/>\t\t\t\t\t\t\t\t\t\t\t\t\t\t\t<\/div>\n\t\t\t\t<\/div>\n\t\t\t\t<div class=\"elementor-element elementor-element-b22c3dc elementor-widget elementor-widget-text-editor\" data-id=\"b22c3dc\" data-element_type=\"widget\" data-e-type=\"widget\" data-widget_type=\"text-editor.default\">\n\t\t\t\t<div class=\"elementor-widget-container\">\n\t\t\t\t\t\t\t\t\t<p>Rent a boat Syros 2021 je velik i siguran brod za va\u0161u obitelj i prijatelje. Pokre\u0107e ga nova, sna\u017ena Yamaha 115HP koja \u0107e vas sigurno i brzo odvesti na bilo koje odredi\u0161te koje \u017eelite.<\/p>\n<p>It is equipped with a bimini top, a tablet with free WI-FI, a shower, a Bluetooth radio, a 50l refrigerator, a camera with which you can record your adventures above and below sea level.<\/p>\n<p>Experience a beautiful view of Rovinj from the sea. Visit its islands, discover hidden coves and beaches. Discover the beauty of the Lim Channel, its silence, and have a drink or lunch in Captain Morgan's pirate cave, which can only be visited by boat.<\/p>\n<h3>Nacionalni park Brijuni<\/h3>\n<p>Prona\u0111ite ljubav na pla\u017eama i otocima grada kojim je hodao Casanova: Vrsar. I sve to uz laganu vo\u017enju od 15-20 minuta&#8230; zamislite \u0161to sve mo\u017eete posjetiti uz malo du\u017eu vo\u017enju&#8230; Pore\u010d, Fa\u017eana, <strong>Nacionalni park Brijuni<\/strong>, razgledavanje rimske Arene u Puli, rta Kamenjak&#8230;<\/p>\n<p>&nbsp;<\/p>\n\t\t\t\t\t\t\t\t<\/div>\n\t\t\t\t<\/div>\n\t\t\t\t<div class=\"elementor-element elementor-element-63aeb12 elementor-widget elementor-widget-image\" data-id=\"63aeb12\" data-element_type=\"widget\" data-e-type=\"widget\" data-widget_type=\"image.default\">\n\t\t\t\t<div class=\"elementor-widget-container\">\n\t\t\t\t\t\t\t\t\t\t\t\t\t\t\t<img decoding=\"async\" width=\"800\" height=\"600\" src=\"https:\/\/rovinjrentaboat.com\/wp-content\/uploads\/2023\/07\/prodajno-mjesto.jpg\" class=\"attachment-full size-full wp-image-1322\" alt=\"rent a boat SYROS 2021\" srcset=\"https:\/\/rovinjrentaboat.com\/wp-content\/uploads\/2023\/07\/prodajno-mjesto.jpg 800w, https:\/\/rovinjrentaboat.com\/wp-content\/uploads\/2023\/07\/prodajno-mjesto-300x225.jpg 300w, https:\/\/rovinjrentaboat.com\/wp-content\/uploads\/2023\/07\/prodajno-mjesto-768x576.jpg 768w, https:\/\/rovinjrentaboat.com\/wp-content\/uploads\/2023\/07\/prodajno-mjesto-16x12.jpg 16w\" sizes=\"(max-width: 800px) 100vw, 800px\" \/>\t\t\t\t\t\t\t\t\t\t\t\t\t\t\t<\/div>\n\t\t\t\t<\/div>\n\t\t\t\t<div class=\"elementor-element elementor-element-0534b5a elementor-widget elementor-widget-image\" data-id=\"0534b5a\" data-element_type=\"widget\" data-e-type=\"widget\" data-widget_type=\"image.default\">\n\t\t\t\t<div class=\"elementor-widget-container\">\n\t\t\t\t\t\t\t\t\t\t\t\t\t\t\t<img decoding=\"async\" width=\"800\" height=\"600\" src=\"https:\/\/rovinjrentaboat.com\/wp-content\/uploads\/2023\/07\/turisti.jpg\" class=\"attachment-full size-full wp-image-1324\" alt=\"rent a boat rovinj\" srcset=\"https:\/\/rovinjrentaboat.com\/wp-content\/uploads\/2023\/07\/turisti.jpg 800w, https:\/\/rovinjrentaboat.com\/wp-content\/uploads\/2023\/07\/turisti-300x225.jpg 300w, https:\/\/rovinjrentaboat.com\/wp-content\/uploads\/2023\/07\/turisti-768x576.jpg 768w, https:\/\/rovinjrentaboat.com\/wp-content\/uploads\/2023\/07\/turisti-16x12.jpg 16w\" sizes=\"(max-width: 800px) 100vw, 800px\" \/>\t\t\t\t\t\t\t\t\t\t\t\t\t\t\t<\/div>\n\t\t\t\t<\/div>\n\t\t\t\t<div class=\"elementor-element elementor-element-fc1d3d3 elementor-widget elementor-widget-image\" data-id=\"fc1d3d3\" data-element_type=\"widget\" data-e-type=\"widget\" data-widget_type=\"image.default\">\n\t\t\t\t<div class=\"elementor-widget-container\">\n\t\t\t\t\t\t\t\t\t\t\t\t\t\t\t<img loading=\"lazy\" decoding=\"async\" width=\"800\" height=\"600\" src=\"https:\/\/rovinjrentaboat.com\/wp-content\/uploads\/2023\/07\/rovinj.jpg\" class=\"attachment-full size-full wp-image-1326\" alt=\"rent a boat DELPHIN-TOUREN\" srcset=\"https:\/\/rovinjrentaboat.com\/wp-content\/uploads\/2023\/07\/rovinj.jpg 800w, https:\/\/rovinjrentaboat.com\/wp-content\/uploads\/2023\/07\/rovinj-300x225.jpg 300w, https:\/\/rovinjrentaboat.com\/wp-content\/uploads\/2023\/07\/rovinj-768x576.jpg 768w, https:\/\/rovinjrentaboat.com\/wp-content\/uploads\/2023\/07\/rovinj-16x12.jpg 16w\" sizes=\"(max-width: 800px) 100vw, 800px\" \/>\t\t\t\t\t\t\t\t\t\t\t\t\t\t\t<\/div>\n\t\t\t\t<\/div>\n\t\t\t\t<div class=\"elementor-element elementor-element-7563c51 elementor-widget elementor-widget-image\" data-id=\"7563c51\" data-element_type=\"widget\" data-e-type=\"widget\" data-widget_type=\"image.default\">\n\t\t\t\t<div class=\"elementor-widget-container\">\n\t\t\t\t\t\t\t\t\t\t\t\t\t\t\t<img loading=\"lazy\" decoding=\"async\" width=\"800\" height=\"600\" src=\"https:\/\/rovinjrentaboat.com\/wp-content\/uploads\/2023\/07\/dupin.jpg\" class=\"attachment-full size-full wp-image-1328\" alt=\"RENT A BOAT SYROS 2021\" srcset=\"https:\/\/rovinjrentaboat.com\/wp-content\/uploads\/2023\/07\/dupin.jpg 800w, https:\/\/rovinjrentaboat.com\/wp-content\/uploads\/2023\/07\/dupin-300x225.jpg 300w, https:\/\/rovinjrentaboat.com\/wp-content\/uploads\/2023\/07\/dupin-768x576.jpg 768w, https:\/\/rovinjrentaboat.com\/wp-content\/uploads\/2023\/07\/dupin-16x12.jpg 16w\" sizes=\"(max-width: 800px) 100vw, 800px\" \/>\t\t\t\t\t\t\t\t\t\t\t\t\t\t\t<\/div>\n\t\t\t\t<\/div>\n\t\t\t\t<\/div>\n\t\t<div class=\"elementor-element elementor-element-85d8dc1 e-con-full e-flex e-con e-child\" data-id=\"85d8dc1\" data-element_type=\"container\" data-e-type=\"container\" data-settings=\"{&quot;background_background&quot;:&quot;classic&quot;,&quot;_ha_eqh_enable&quot;:false}\">\n\t\t<div class=\"elementor-element elementor-element-f088340 e-flex e-con-boxed e-con e-child\" data-id=\"f088340\" data-element_type=\"container\" data-e-type=\"container\" data-settings=\"{&quot;background_background&quot;:&quot;classic&quot;,&quot;_ha_eqh_enable&quot;:false}\">\n\t\t\t\t\t<div class=\"e-con-inner\">\n\t\t\t\t<div class=\"elementor-element elementor-element-c7f1a83 elementor-widget-divider--view-line elementor-widget elementor-widget-divider\" data-id=\"c7f1a83\" data-element_type=\"widget\" data-e-type=\"widget\" data-widget_type=\"divider.default\">\n\t\t\t\t<div class=\"elementor-widget-container\">\n\t\t\t\t\t\t\t<div class=\"elementor-divider\">\n\t\t\t<span class=\"elementor-divider-separator\">\n\t\t\t\t\t\t<\/span>\n\t\t<\/div>\n\t\t\t\t\t\t<\/div>\n\t\t\t\t<\/div>\n\t\t\t\t<div class=\"elementor-element elementor-element-7853db2 elementor-widget elementor-widget-heading\" data-id=\"7853db2\" data-element_type=\"widget\" data-e-type=\"widget\" data-widget_type=\"heading.default\">\n\t\t\t\t<div class=\"elementor-widget-container\">\n\t\t\t\t\t<h1 class=\"elementor-heading-title elementor-size-default\">Rent a Boat Syros 2021<\/h1>\t\t\t\t<\/div>\n\t\t\t\t<\/div>\n\t\t\t\t<div class=\"elementor-element elementor-element-e2ba14b elementor-widget elementor-widget-heading\" data-id=\"e2ba14b\" data-element_type=\"widget\" data-e-type=\"widget\" data-widget_type=\"heading.default\">\n\t\t\t\t<div class=\"elementor-widget-container\">\n\t\t\t\t\t<p class=\"elementor-heading-title elementor-size-default\">Engine: Yamaha 115hp 2021<\/p>\t\t\t\t<\/div>\n\t\t\t\t<\/div>\n\t\t\t\t<div class=\"elementor-element elementor-element-9df5480 elementor-widget elementor-widget-heading\" data-id=\"9df5480\" data-element_type=\"widget\" data-e-type=\"widget\" data-widget_type=\"heading.default\">\n\t\t\t\t<div class=\"elementor-widget-container\">\n\t\t\t\t\t<p class=\"elementor-heading-title elementor-size-default\">Person: 7 people<\/p>\t\t\t\t<\/div>\n\t\t\t\t<\/div>\n\t\t\t\t<div class=\"elementor-element elementor-element-a6ae35b elementor-widget elementor-widget-heading\" data-id=\"a6ae35b\" data-element_type=\"widget\" data-e-type=\"widget\" data-widget_type=\"heading.default\">\n\t\t\t\t<div class=\"elementor-widget-container\">\n\t\t\t\t\t<p class=\"elementor-heading-title elementor-size-default\">Shade<\/p>\t\t\t\t<\/div>\n\t\t\t\t<\/div>\n\t\t\t\t<div class=\"elementor-element elementor-element-6a86b4a elementor-widget elementor-widget-heading\" data-id=\"6a86b4a\" data-element_type=\"widget\" data-e-type=\"widget\" data-widget_type=\"heading.default\">\n\t\t\t\t<div class=\"elementor-widget-container\">\n\t\t\t\t\t<p class=\"elementor-heading-title elementor-size-default\">Shower<\/p>\t\t\t\t<\/div>\n\t\t\t\t<\/div>\n\t\t\t\t<div class=\"elementor-element elementor-element-d28c743 elementor-widget elementor-widget-heading\" data-id=\"d28c743\" data-element_type=\"widget\" data-e-type=\"widget\" data-widget_type=\"heading.default\">\n\t\t\t\t<div class=\"elementor-widget-container\">\n\t\t\t\t\t<p class=\"elementor-heading-title elementor-size-default\">GPS, Sonder<\/p>\t\t\t\t<\/div>\n\t\t\t\t<\/div>\n\t\t\t\t<div class=\"elementor-element elementor-element-9375fe5 elementor-widget elementor-widget-heading\" data-id=\"9375fe5\" data-element_type=\"widget\" data-e-type=\"widget\" data-widget_type=\"heading.default\">\n\t\t\t\t<div class=\"elementor-widget-container\">\n\t\t\t\t\t<p class=\"elementor-heading-title elementor-size-default\">Free WI-FI<\/p>\t\t\t\t<\/div>\n\t\t\t\t<\/div>\n\t\t\t\t<div class=\"elementor-element elementor-element-67b0884 elementor-widget elementor-widget-heading\" data-id=\"67b0884\" data-element_type=\"widget\" data-e-type=\"widget\" data-widget_type=\"heading.default\">\n\t\t\t\t<div class=\"elementor-widget-container\">\n\t\t\t\t\t<p class=\"elementor-heading-title elementor-size-default\">Fridge: Igloo ice box 50 Lit.<\/p>\t\t\t\t<\/div>\n\t\t\t\t<\/div>\n\t\t\t\t<div class=\"elementor-element elementor-element-633b452 elementor-widget-divider--view-line elementor-widget elementor-widget-divider\" data-id=\"633b452\" data-element_type=\"widget\" data-e-type=\"widget\" data-widget_type=\"divider.default\">\n\t\t\t\t<div class=\"elementor-widget-container\">\n\t\t\t\t\t\t\t<div class=\"elementor-divider\">\n\t\t\t<span class=\"elementor-divider-separator\">\n\t\t\t\t\t\t<\/span>\n\t\t<\/div>\n\t\t\t\t\t\t<\/div>\n\t\t\t\t<\/div>\n\t\t\t\t<div class=\"elementor-element elementor-element-d94f03b elementor-widget elementor-widget-heading\" data-id=\"d94f03b\" data-element_type=\"widget\" data-e-type=\"widget\" data-widget_type=\"heading.default\">\n\t\t\t\t<div class=\"elementor-widget-container\">\n\t\t\t\t\t<p class=\"elementor-heading-title elementor-size-default\">- Valid licence for boat navigation is required.<\/p>\t\t\t\t<\/div>\n\t\t\t\t<\/div>\n\t\t\t\t<div class=\"elementor-element elementor-element-ad23d82 elementor-widget elementor-widget-heading\" data-id=\"ad23d82\" data-element_type=\"widget\" data-e-type=\"widget\" data-widget_type=\"heading.default\">\n\t\t\t\t<div class=\"elementor-widget-container\">\n\t\t\t\t\t<p class=\"elementor-heading-title elementor-size-default\">- Skipper is available for 15 EUR\/hour<\/p>\t\t\t\t<\/div>\n\t\t\t\t<\/div>\n\t\t\t\t<div class=\"elementor-element elementor-element-a8e9f7b elementor-widget elementor-widget-heading\" data-id=\"a8e9f7b\" data-element_type=\"widget\" data-e-type=\"widget\" data-widget_type=\"heading.default\">\n\t\t\t\t<div class=\"elementor-widget-container\">\n\t\t\t\t\t<p class=\"elementor-heading-title elementor-size-default\">- Gas is not included in rental price.<\/p>\t\t\t\t<\/div>\n\t\t\t\t<\/div>\n\t\t\t\t<div class=\"elementor-element elementor-element-00f9100 elementor-widget-divider--view-line elementor-widget elementor-widget-divider\" data-id=\"00f9100\" data-element_type=\"widget\" data-e-type=\"widget\" data-widget_type=\"divider.default\">\n\t\t\t\t<div class=\"elementor-widget-container\">\n\t\t\t\t\t\t\t<div class=\"elementor-divider\">\n\t\t\t<span class=\"elementor-divider-separator\">\n\t\t\t\t\t\t<\/span>\n\t\t<\/div>\n\t\t\t\t\t\t<\/div>\n\t\t\t\t<\/div>\n\t\t\t\t<div class=\"elementor-element elementor-element-a5b7541 elementor-widget elementor-widget-heading\" data-id=\"a5b7541\" data-element_type=\"widget\" data-e-type=\"widget\" data-widget_type=\"heading.default\">\n\t\t\t\t<div class=\"elementor-widget-container\">\n\t\t\t\t\t<p class=\"elementor-heading-title elementor-size-default\">RENT:<\/p>\t\t\t\t<\/div>\n\t\t\t\t<\/div>\n\t\t\t\t<div class=\"elementor-element elementor-element-3bed013 elementor-widget elementor-widget-heading\" data-id=\"3bed013\" data-element_type=\"widget\" data-e-type=\"widget\" data-widget_type=\"heading.default\">\n\t\t\t\t<div class=\"elementor-widget-container\">\n\t\t\t\t\t<p class=\"elementor-heading-title elementor-size-default\">Half day | (09h-13h) - (14h-18h)<\/p>\t\t\t\t<\/div>\n\t\t\t\t<\/div>\n\t\t\t\t<div class=\"elementor-element elementor-element-31a34b5 elementor-widget elementor-widget-heading\" data-id=\"31a34b5\" data-element_type=\"widget\" data-e-type=\"widget\" data-widget_type=\"heading.default\">\n\t\t\t\t<div class=\"elementor-widget-container\">\n\t\t\t\t\t<p class=\"elementor-heading-title elementor-size-default\">Full day | (09h-18h)<\/p>\t\t\t\t<\/div>\n\t\t\t\t<\/div>\n\t\t\t\t<div class=\"elementor-element elementor-element-5831f2a elementor-widget-divider--view-line elementor-widget elementor-widget-divider\" data-id=\"5831f2a\" data-element_type=\"widget\" data-e-type=\"widget\" data-widget_type=\"divider.default\">\n\t\t\t\t<div class=\"elementor-widget-container\">\n\t\t\t\t\t\t\t<div class=\"elementor-divider\">\n\t\t\t<span class=\"elementor-divider-separator\">\n\t\t\t\t\t\t<\/span>\n\t\t<\/div>\n\t\t\t\t\t\t<\/div>\n\t\t\t\t<\/div>\n\t\t\t\t<div class=\"elementor-element elementor-element-e5f6ba8 elementor-widget elementor-widget-heading\" data-id=\"e5f6ba8\" data-element_type=\"widget\" data-e-type=\"widget\" data-widget_type=\"heading.default\">\n\t\t\t\t<div class=\"elementor-widget-container\">\n\t\t\t\t\t<span class=\"elementor-heading-title elementor-size-default\">190 \u20ac \/ 270 \u20ac<\/span>\t\t\t\t<\/div>\n\t\t\t\t<\/div>\n\t\t\t\t\t<\/div>\n\t\t\t\t<\/div>\n\t\t<div class=\"elementor-element elementor-element-704a51a e-con-full e-flex e-con e-child\" data-id=\"704a51a\" data-element_type=\"container\" data-e-type=\"container\" data-settings=\"{&quot;_ha_eqh_enable&quot;:false}\">\n\t\t\t\t<div class=\"elementor-element elementor-element-046a626 os_trigger_booking elementor-align-center dc-has-condition dc-condition-empty elementor-widget__width-inherit elementor-widget elementor-widget-button\" data-id=\"046a626\" data-element_type=\"widget\" data-e-type=\"widget\" data-selected-service=\"2\" data-selected-agent=\"any\" data-hide-side-panel=\"yes\" data-widget_type=\"button.default\">\n\t\t\t\t<div class=\"elementor-widget-container\">\n\t\t\t\t\t\t\t\t\t<div class=\"elementor-button-wrapper\">\n\t\t\t\t\t<a class=\"elementor-button elementor-size-md\" role=\"button\">\n\t\t\t\t\t\t<span class=\"elementor-button-content-wrapper\">\n\t\t\t\t\t\t\t\t\t<span class=\"elementor-button-text\">Booking half or full day<\/span>\n\t\t\t\t\t<\/span>\n\t\t\t\t\t<\/a>\n\t\t\t\t<\/div>\n\t\t\t\t\t\t\t\t<\/div>\n\t\t\t\t<\/div>\n\t\t\t\t<\/div>\n\t\t\t\t<\/div>\n\t\t\t\t\t<\/div>\n\t\t\t\t<\/div>\n\t\t\t\t<\/div>","protected":false},"excerpt":{"rendered":"<p>NAJAM: Uredi karakteristike i cijene Karakteristike Motor Osobe Pokrov Tu\u0161 GPS Wi-Fi Hladnjak Skiper Dozvola Gorivo Cijena Najam half Najam full Submit Booking half or full day<\/p>","protected":false},"author":1,"featured_media":330,"parent":0,"menu_order":0,"comment_status":"closed","ping_status":"closed","template":"","meta":{"_acf_changed":false,"footnotes":""},"class_list":["post-946","page","type-page","status-publish","has-post-thumbnail","hentry"],"acf":[],"_links":{"self":[{"href":"https:\/\/rovinjrentaboat.com\/en\/wp-json\/wp\/v2\/pages\/946","targetHints":{"allow":["GET"]}}],"collection":[{"href":"https:\/\/rovinjrentaboat.com\/en\/wp-json\/wp\/v2\/pages"}],"about":[{"href":"https:\/\/rovinjrentaboat.com\/en\/wp-json\/wp\/v2\/types\/page"}],"author":[{"embeddable":true,"href":"https:\/\/rovinjrentaboat.com\/en\/wp-json\/wp\/v2\/users\/1"}],"replies":[{"embeddable":true,"href":"https:\/\/rovinjrentaboat.com\/en\/wp-json\/wp\/v2\/comments?post=946"}],"version-history":[{"count":0,"href":"https:\/\/rovinjrentaboat.com\/en\/wp-json\/wp\/v2\/pages\/946\/revisions"}],"wp:featuredmedia":[{"embeddable":true,"href":"https:\/\/rovinjrentaboat.com\/en\/wp-json\/wp\/v2\/media\/330"}],"wp:attachment":[{"href":"https:\/\/rovinjrentaboat.com\/en\/wp-json\/wp\/v2\/media?parent=946"}],"curies":[{"name":"wp","href":"https:\/\/api.w.org\/{rel}","templated":true}]}}