{"id":823,"date":"2023-07-26T17:58:09","date_gmt":"2023-07-26T15:58:09","guid":{"rendered":"https:\/\/rovinjrentaboat.com\/?p=823"},"modified":"2024-09-05T14:16:40","modified_gmt":"2024-09-05T12:16:40","slug":"rent-a-boat-andromeda-2022","status":"publish","type":"page","link":"https:\/\/rovinjrentaboat.com\/en\/rent-a-boat-andromeda-2022\/","title":{"rendered":"Rent a Boat Andromeda 2022"},"content":{"rendered":"<div data-elementor-type=\"wp-post\" data-elementor-id=\"823\" class=\"elementor elementor-823\" data-elementor-settings=\"{&quot;ha_cmc_init_switcher&quot;:&quot;no&quot;}\" data-elementor-post-type=\"page\">\n\t\t\t\t<div class=\"elementor-element elementor-element-f9af365 animated-slow e-flex e-con-boxed elementor-invisible e-con e-parent\" data-id=\"f9af365\" data-element_type=\"container\" data-e-type=\"container\" data-settings=\"{&quot;animation&quot;:&quot;fadeIn&quot;,&quot;_ha_eqh_enable&quot;:false}\">\n\t\t\t\t\t<div class=\"e-con-inner\">\n\t\t<div class=\"elementor-element elementor-element-e0fb1d7 e-con-full e-flex e-con e-child\" data-id=\"e0fb1d7\" data-element_type=\"container\" data-e-type=\"container\" data-settings=\"{&quot;_ha_eqh_enable&quot;:false}\">\n\t\t\t\t<div class=\"elementor-element elementor-element-45fcbcb elementor-widget elementor-widget-theme-post-featured-image elementor-widget-image\" data-id=\"45fcbcb\" data-element_type=\"widget\" data-e-type=\"widget\" data-widget_type=\"theme-post-featured-image.default\">\n\t\t\t\t<div class=\"elementor-widget-container\">\n\t\t\t\t\t\t\t\t\t\t\t\t\t\t\t<img fetchpriority=\"high\" decoding=\"async\" width=\"1005\" height=\"628\" src=\"https:\/\/rovinjrentaboat.com\/wp-content\/uploads\/2023\/07\/boat-2.jpg\" class=\"attachment-full size-full wp-image-329\" alt=\"brodica Andromeda 2022 najam ve\u0107 od 200 \u20ac\" srcset=\"https:\/\/rovinjrentaboat.com\/wp-content\/uploads\/2023\/07\/boat-2.jpg 1005w, https:\/\/rovinjrentaboat.com\/wp-content\/uploads\/2023\/07\/boat-2-300x187.jpg 300w, https:\/\/rovinjrentaboat.com\/wp-content\/uploads\/2023\/07\/boat-2-768x480.jpg 768w\" sizes=\"(max-width: 1005px) 100vw, 1005px\" \/>\t\t\t\t\t\t\t\t\t\t\t\t\t\t\t<\/div>\n\t\t\t\t<\/div>\n\t\t\t\t<div class=\"elementor-element elementor-element-9e5d2c7 elementor-widget elementor-widget-text-editor\" data-id=\"9e5d2c7\" data-element_type=\"widget\" data-e-type=\"widget\" data-widget_type=\"text-editor.default\">\n\t\t\t\t<div class=\"elementor-widget-container\">\n\t\t\t\t\t\t\t\t\t<h3>Rent a Boat Andromeda 2022<\/h3>\n<p>The practical and cute ship Andromeda is excellent for sightseeing and exploring the Rovinj coast and islands. It is easy to navigate and perfect for reaching the most hidden coves. It is equipped with a bimini that protects you from the sun and a steering wheel.<\/p>\n<p>With a cruising speed of 22 knots, you can easily reach beaches further away from Rovinj.<br \/>\nDo\u017eivite prekrasan pogled na Rovinj s mora. Prona\u0111ite dupine, posjetite njegove otoke, otkrijte skrivene uvale i pla\u017ee.<\/p>\n<p>Otkrijte ljepotu Limskog kanala, njegovu ti\u0161inu i popijte pi\u0107e ili ru\u010dajte u gusarskoj \u0161pilji kapetana Morgana koju mo\u017eete posjetiti samo brodom.<\/p>\n<p>Find love on the beaches and islands of Vrsar, whose streets Casanova once walked.<\/p>\n\t\t\t\t\t\t\t\t<\/div>\n\t\t\t\t<\/div>\n\t\t\t\t<div class=\"elementor-element elementor-element-831c52b elementor-widget elementor-widget-image\" data-id=\"831c52b\" data-element_type=\"widget\" data-e-type=\"widget\" data-widget_type=\"image.default\">\n\t\t\t\t<div class=\"elementor-widget-container\">\n\t\t\t\t\t\t\t\t\t\t\t\t\t\t\t<img decoding=\"async\" width=\"800\" height=\"600\" src=\"https:\/\/rovinjrentaboat.com\/wp-content\/uploads\/2023\/07\/prodajno-mjesto.jpg\" class=\"attachment-full size-full wp-image-1322\" alt=\"rent a boat SYROS 2021\" srcset=\"https:\/\/rovinjrentaboat.com\/wp-content\/uploads\/2023\/07\/prodajno-mjesto.jpg 800w, https:\/\/rovinjrentaboat.com\/wp-content\/uploads\/2023\/07\/prodajno-mjesto-300x225.jpg 300w, https:\/\/rovinjrentaboat.com\/wp-content\/uploads\/2023\/07\/prodajno-mjesto-768x576.jpg 768w, https:\/\/rovinjrentaboat.com\/wp-content\/uploads\/2023\/07\/prodajno-mjesto-16x12.jpg 16w\" sizes=\"(max-width: 800px) 100vw, 800px\" \/>\t\t\t\t\t\t\t\t\t\t\t\t\t\t\t<\/div>\n\t\t\t\t<\/div>\n\t\t\t\t<div class=\"elementor-element elementor-element-b1c9db5 elementor-widget elementor-widget-image\" data-id=\"b1c9db5\" data-element_type=\"widget\" data-e-type=\"widget\" data-widget_type=\"image.default\">\n\t\t\t\t<div class=\"elementor-widget-container\">\n\t\t\t\t\t\t\t\t\t\t\t\t\t\t\t<img decoding=\"async\" width=\"800\" height=\"600\" src=\"https:\/\/rovinjrentaboat.com\/wp-content\/uploads\/2023\/07\/turisti.jpg\" class=\"attachment-full size-full wp-image-1324\" alt=\"rent a boat rovinj\" srcset=\"https:\/\/rovinjrentaboat.com\/wp-content\/uploads\/2023\/07\/turisti.jpg 800w, https:\/\/rovinjrentaboat.com\/wp-content\/uploads\/2023\/07\/turisti-300x225.jpg 300w, https:\/\/rovinjrentaboat.com\/wp-content\/uploads\/2023\/07\/turisti-768x576.jpg 768w, https:\/\/rovinjrentaboat.com\/wp-content\/uploads\/2023\/07\/turisti-16x12.jpg 16w\" sizes=\"(max-width: 800px) 100vw, 800px\" \/>\t\t\t\t\t\t\t\t\t\t\t\t\t\t\t<\/div>\n\t\t\t\t<\/div>\n\t\t\t\t<div class=\"elementor-element elementor-element-4182c4e elementor-widget elementor-widget-image\" data-id=\"4182c4e\" data-element_type=\"widget\" data-e-type=\"widget\" data-widget_type=\"image.default\">\n\t\t\t\t<div class=\"elementor-widget-container\">\n\t\t\t\t\t\t\t\t\t\t\t\t\t\t\t<img loading=\"lazy\" decoding=\"async\" width=\"800\" height=\"600\" src=\"https:\/\/rovinjrentaboat.com\/wp-content\/uploads\/2023\/07\/rovinj.jpg\" class=\"attachment-full size-full wp-image-1326\" alt=\"rent a boat DELPHIN-TOUREN\" srcset=\"https:\/\/rovinjrentaboat.com\/wp-content\/uploads\/2023\/07\/rovinj.jpg 800w, https:\/\/rovinjrentaboat.com\/wp-content\/uploads\/2023\/07\/rovinj-300x225.jpg 300w, https:\/\/rovinjrentaboat.com\/wp-content\/uploads\/2023\/07\/rovinj-768x576.jpg 768w, https:\/\/rovinjrentaboat.com\/wp-content\/uploads\/2023\/07\/rovinj-16x12.jpg 16w\" sizes=\"(max-width: 800px) 100vw, 800px\" \/>\t\t\t\t\t\t\t\t\t\t\t\t\t\t\t<\/div>\n\t\t\t\t<\/div>\n\t\t\t\t<div class=\"elementor-element elementor-element-9de9a2d elementor-widget elementor-widget-image\" data-id=\"9de9a2d\" data-element_type=\"widget\" data-e-type=\"widget\" data-widget_type=\"image.default\">\n\t\t\t\t<div class=\"elementor-widget-container\">\n\t\t\t\t\t\t\t\t\t\t\t\t\t\t\t<img loading=\"lazy\" decoding=\"async\" width=\"800\" height=\"600\" src=\"https:\/\/rovinjrentaboat.com\/wp-content\/uploads\/2023\/07\/dupin.jpg\" class=\"attachment-full size-full wp-image-1328\" alt=\"RENT A BOAT SYROS 2021\" srcset=\"https:\/\/rovinjrentaboat.com\/wp-content\/uploads\/2023\/07\/dupin.jpg 800w, https:\/\/rovinjrentaboat.com\/wp-content\/uploads\/2023\/07\/dupin-300x225.jpg 300w, https:\/\/rovinjrentaboat.com\/wp-content\/uploads\/2023\/07\/dupin-768x576.jpg 768w, https:\/\/rovinjrentaboat.com\/wp-content\/uploads\/2023\/07\/dupin-16x12.jpg 16w\" sizes=\"(max-width: 800px) 100vw, 800px\" \/>\t\t\t\t\t\t\t\t\t\t\t\t\t\t\t<\/div>\n\t\t\t\t<\/div>\n\t\t\t\t<\/div>\n\t\t<div class=\"elementor-element elementor-element-8855a6a e-con-full e-flex e-con e-child\" data-id=\"8855a6a\" data-element_type=\"container\" data-e-type=\"container\" data-settings=\"{&quot;background_background&quot;:&quot;classic&quot;,&quot;_ha_eqh_enable&quot;:false}\">\n\t\t<div class=\"elementor-element elementor-element-36d1324 e-flex e-con-boxed e-con e-child\" data-id=\"36d1324\" data-element_type=\"container\" data-e-type=\"container\" data-settings=\"{&quot;background_background&quot;:&quot;classic&quot;,&quot;_ha_eqh_enable&quot;:false}\">\n\t\t\t\t\t<div class=\"e-con-inner\">\n\t\t\t\t<div class=\"elementor-element elementor-element-c0619d6 elementor-widget-divider--view-line elementor-widget elementor-widget-divider\" data-id=\"c0619d6\" data-element_type=\"widget\" data-e-type=\"widget\" data-widget_type=\"divider.default\">\n\t\t\t\t<div class=\"elementor-widget-container\">\n\t\t\t\t\t\t\t<div class=\"elementor-divider\">\n\t\t\t<span class=\"elementor-divider-separator\">\n\t\t\t\t\t\t<\/span>\n\t\t<\/div>\n\t\t\t\t\t\t<\/div>\n\t\t\t\t<\/div>\n\t\t\t\t<div class=\"elementor-element elementor-element-61707bc elementor-widget elementor-widget-heading\" data-id=\"61707bc\" data-element_type=\"widget\" data-e-type=\"widget\" data-widget_type=\"heading.default\">\n\t\t\t\t<div class=\"elementor-widget-container\">\n\t\t\t\t\t<h1 class=\"elementor-heading-title elementor-size-default\">Rent a Boat Andromeda 2022<\/h1>\t\t\t\t<\/div>\n\t\t\t\t<\/div>\n\t\t\t\t<div class=\"elementor-element elementor-element-87f1444 elementor-widget elementor-widget-heading\" data-id=\"87f1444\" data-element_type=\"widget\" data-e-type=\"widget\" data-widget_type=\"heading.default\">\n\t\t\t\t<div class=\"elementor-widget-container\">\n\t\t\t\t\t<p class=\"elementor-heading-title elementor-size-default\">Motor: Yamaha 130hp 2022<\/p>\t\t\t\t<\/div>\n\t\t\t\t<\/div>\n\t\t\t\t<div class=\"elementor-element elementor-element-924c5ce elementor-widget elementor-widget-heading\" data-id=\"924c5ce\" data-element_type=\"widget\" data-e-type=\"widget\" data-widget_type=\"heading.default\">\n\t\t\t\t<div class=\"elementor-widget-container\">\n\t\t\t\t\t<p class=\"elementor-heading-title elementor-size-default\">Person: 7 people<\/p>\t\t\t\t<\/div>\n\t\t\t\t<\/div>\n\t\t\t\t<div class=\"elementor-element elementor-element-0561ac2 elementor-widget elementor-widget-heading\" data-id=\"0561ac2\" data-element_type=\"widget\" data-e-type=\"widget\" data-widget_type=\"heading.default\">\n\t\t\t\t<div class=\"elementor-widget-container\">\n\t\t\t\t\t<p class=\"elementor-heading-title elementor-size-default\">Shade<\/p>\t\t\t\t<\/div>\n\t\t\t\t<\/div>\n\t\t\t\t<div class=\"elementor-element elementor-element-3192374 elementor-widget elementor-widget-heading\" data-id=\"3192374\" data-element_type=\"widget\" data-e-type=\"widget\" data-widget_type=\"heading.default\">\n\t\t\t\t<div class=\"elementor-widget-container\">\n\t\t\t\t\t<p class=\"elementor-heading-title elementor-size-default\">Shower<\/p>\t\t\t\t<\/div>\n\t\t\t\t<\/div>\n\t\t\t\t<div class=\"elementor-element elementor-element-d64973c elementor-widget elementor-widget-heading\" data-id=\"d64973c\" data-element_type=\"widget\" data-e-type=\"widget\" data-widget_type=\"heading.default\">\n\t\t\t\t<div class=\"elementor-widget-container\">\n\t\t\t\t\t<p class=\"elementor-heading-title elementor-size-default\">GPS, Sonder<\/p>\t\t\t\t<\/div>\n\t\t\t\t<\/div>\n\t\t\t\t<div class=\"elementor-element elementor-element-148bf3e elementor-widget elementor-widget-heading\" data-id=\"148bf3e\" data-element_type=\"widget\" data-e-type=\"widget\" data-widget_type=\"heading.default\">\n\t\t\t\t<div class=\"elementor-widget-container\">\n\t\t\t\t\t<p class=\"elementor-heading-title elementor-size-default\">Free WI-FI<\/p>\t\t\t\t<\/div>\n\t\t\t\t<\/div>\n\t\t\t\t<div class=\"elementor-element elementor-element-9af738b elementor-widget elementor-widget-heading\" data-id=\"9af738b\" data-element_type=\"widget\" data-e-type=\"widget\" data-widget_type=\"heading.default\">\n\t\t\t\t<div class=\"elementor-widget-container\">\n\t\t\t\t\t<p class=\"elementor-heading-title elementor-size-default\">Fridge: Igloo ice box 50 Lit.<\/p>\t\t\t\t<\/div>\n\t\t\t\t<\/div>\n\t\t\t\t<div class=\"elementor-element elementor-element-44ff259 elementor-widget-divider--view-line elementor-widget elementor-widget-divider\" data-id=\"44ff259\" data-element_type=\"widget\" data-e-type=\"widget\" data-widget_type=\"divider.default\">\n\t\t\t\t<div class=\"elementor-widget-container\">\n\t\t\t\t\t\t\t<div class=\"elementor-divider\">\n\t\t\t<span class=\"elementor-divider-separator\">\n\t\t\t\t\t\t<\/span>\n\t\t<\/div>\n\t\t\t\t\t\t<\/div>\n\t\t\t\t<\/div>\n\t\t\t\t<div class=\"elementor-element elementor-element-8446aab elementor-widget elementor-widget-heading\" data-id=\"8446aab\" data-element_type=\"widget\" data-e-type=\"widget\" data-widget_type=\"heading.default\">\n\t\t\t\t<div class=\"elementor-widget-container\">\n\t\t\t\t\t<p class=\"elementor-heading-title elementor-size-default\">- Valid licence for boat navigation is required.<\/p>\t\t\t\t<\/div>\n\t\t\t\t<\/div>\n\t\t\t\t<div class=\"elementor-element elementor-element-e5b21c4 elementor-widget elementor-widget-heading\" data-id=\"e5b21c4\" data-element_type=\"widget\" data-e-type=\"widget\" data-widget_type=\"heading.default\">\n\t\t\t\t<div class=\"elementor-widget-container\">\n\t\t\t\t\t<p class=\"elementor-heading-title elementor-size-default\">- Skipper is available for 15 EUR\/hour<\/p>\t\t\t\t<\/div>\n\t\t\t\t<\/div>\n\t\t\t\t<div class=\"elementor-element elementor-element-c670a14 elementor-widget elementor-widget-heading\" data-id=\"c670a14\" data-element_type=\"widget\" data-e-type=\"widget\" data-widget_type=\"heading.default\">\n\t\t\t\t<div class=\"elementor-widget-container\">\n\t\t\t\t\t<p class=\"elementor-heading-title elementor-size-default\">- Gas is not included in rental price.<\/p>\t\t\t\t<\/div>\n\t\t\t\t<\/div>\n\t\t\t\t<div class=\"elementor-element elementor-element-d506d9e elementor-widget-divider--view-line elementor-widget elementor-widget-divider\" data-id=\"d506d9e\" data-element_type=\"widget\" data-e-type=\"widget\" data-widget_type=\"divider.default\">\n\t\t\t\t<div class=\"elementor-widget-container\">\n\t\t\t\t\t\t\t<div class=\"elementor-divider\">\n\t\t\t<span class=\"elementor-divider-separator\">\n\t\t\t\t\t\t<\/span>\n\t\t<\/div>\n\t\t\t\t\t\t<\/div>\n\t\t\t\t<\/div>\n\t\t\t\t<div class=\"elementor-element elementor-element-a19af36 elementor-widget elementor-widget-heading\" data-id=\"a19af36\" data-element_type=\"widget\" data-e-type=\"widget\" data-widget_type=\"heading.default\">\n\t\t\t\t<div class=\"elementor-widget-container\">\n\t\t\t\t\t<p class=\"elementor-heading-title elementor-size-default\">RENT:<\/p>\t\t\t\t<\/div>\n\t\t\t\t<\/div>\n\t\t\t\t<div class=\"elementor-element elementor-element-4a84427 elementor-widget elementor-widget-heading\" data-id=\"4a84427\" data-element_type=\"widget\" data-e-type=\"widget\" data-widget_type=\"heading.default\">\n\t\t\t\t<div class=\"elementor-widget-container\">\n\t\t\t\t\t<p class=\"elementor-heading-title elementor-size-default\">Half day | (09h-13h) - (14h-18h)<\/p>\t\t\t\t<\/div>\n\t\t\t\t<\/div>\n\t\t\t\t<div class=\"elementor-element elementor-element-66017d1 elementor-widget elementor-widget-heading\" data-id=\"66017d1\" data-element_type=\"widget\" data-e-type=\"widget\" data-widget_type=\"heading.default\">\n\t\t\t\t<div class=\"elementor-widget-container\">\n\t\t\t\t\t<p class=\"elementor-heading-title elementor-size-default\">Full day | (09h-18h)<\/p>\t\t\t\t<\/div>\n\t\t\t\t<\/div>\n\t\t\t\t<div class=\"elementor-element elementor-element-46c4a2d elementor-widget-divider--view-line elementor-widget elementor-widget-divider\" data-id=\"46c4a2d\" data-element_type=\"widget\" data-e-type=\"widget\" data-widget_type=\"divider.default\">\n\t\t\t\t<div class=\"elementor-widget-container\">\n\t\t\t\t\t\t\t<div class=\"elementor-divider\">\n\t\t\t<span class=\"elementor-divider-separator\">\n\t\t\t\t\t\t<\/span>\n\t\t<\/div>\n\t\t\t\t\t\t<\/div>\n\t\t\t\t<\/div>\n\t\t\t\t<div class=\"elementor-element elementor-element-55ec06e elementor-widget elementor-widget-heading\" data-id=\"55ec06e\" data-element_type=\"widget\" data-e-type=\"widget\" data-widget_type=\"heading.default\">\n\t\t\t\t<div class=\"elementor-widget-container\">\n\t\t\t\t\t<span class=\"elementor-heading-title elementor-size-default\">200 \u20ac \/ 290 \u20ac<\/span>\t\t\t\t<\/div>\n\t\t\t\t<\/div>\n\t\t\t\t\t<\/div>\n\t\t\t\t<\/div>\n\t\t<div class=\"elementor-element elementor-element-131fe9c e-con-full e-flex e-con e-child\" data-id=\"131fe9c\" data-element_type=\"container\" data-e-type=\"container\" data-settings=\"{&quot;_ha_eqh_enable&quot;:false}\">\n\t\t\t\t<div class=\"elementor-element elementor-element-1f1e839 os_trigger_booking elementor-align-center dc-has-condition dc-condition-empty elementor-widget__width-inherit elementor-widget elementor-widget-button\" data-id=\"1f1e839\" data-element_type=\"widget\" data-e-type=\"widget\" data-selected-service=\"12\" data-selected-agent=\"any\" data-hide-side-panel=\"yes\" data-widget_type=\"button.default\">\n\t\t\t\t<div class=\"elementor-widget-container\">\n\t\t\t\t\t\t\t\t\t<div class=\"elementor-button-wrapper\">\n\t\t\t\t\t<a class=\"elementor-button elementor-size-md\" role=\"button\">\n\t\t\t\t\t\t<span class=\"elementor-button-content-wrapper\">\n\t\t\t\t\t\t\t\t\t<span class=\"elementor-button-text\">Booking half or full day<\/span>\n\t\t\t\t\t<\/span>\n\t\t\t\t\t<\/a>\n\t\t\t\t<\/div>\n\t\t\t\t\t\t\t\t<\/div>\n\t\t\t\t<\/div>\n\t\t\t\t<\/div>\n\t\t\t\t<\/div>\n\t\t\t\t\t<\/div>\n\t\t\t\t<\/div>\n\t\t\t\t<\/div>","protected":false},"excerpt":{"rendered":"<p>NAJAM: Uredi karakteristike i cijene Karakteristike Motor Osobe Pokrov Tu\u0161 GPS Wi-Fi Hladnjak Skiper Dozvola Gorivo Cijena Najam half Najam full Submit Booking half or full day<\/p>","protected":false},"author":1,"featured_media":329,"parent":0,"menu_order":0,"comment_status":"closed","ping_status":"closed","template":"","meta":{"_acf_changed":false,"footnotes":""},"class_list":["post-823","page","type-page","status-publish","has-post-thumbnail","hentry"],"acf":[],"_links":{"self":[{"href":"https:\/\/rovinjrentaboat.com\/en\/wp-json\/wp\/v2\/pages\/823","targetHints":{"allow":["GET"]}}],"collection":[{"href":"https:\/\/rovinjrentaboat.com\/en\/wp-json\/wp\/v2\/pages"}],"about":[{"href":"https:\/\/rovinjrentaboat.com\/en\/wp-json\/wp\/v2\/types\/page"}],"author":[{"embeddable":true,"href":"https:\/\/rovinjrentaboat.com\/en\/wp-json\/wp\/v2\/users\/1"}],"replies":[{"embeddable":true,"href":"https:\/\/rovinjrentaboat.com\/en\/wp-json\/wp\/v2\/comments?post=823"}],"version-history":[{"count":0,"href":"https:\/\/rovinjrentaboat.com\/en\/wp-json\/wp\/v2\/pages\/823\/revisions"}],"wp:featuredmedia":[{"embeddable":true,"href":"https:\/\/rovinjrentaboat.com\/en\/wp-json\/wp\/v2\/media\/329"}],"wp:attachment":[{"href":"https:\/\/rovinjrentaboat.com\/en\/wp-json\/wp\/v2\/media?parent=823"}],"curies":[{"name":"wp","href":"https:\/\/api.w.org\/{rel}","templated":true}]}}